{"id":26,"date":"2014-05-21T14:34:13","date_gmt":"2014-05-21T14:34:13","guid":{"rendered":"http:\/\/spitapo-berner-oberland.ch\/wp\/wp\/?page_id=26"},"modified":"2024-07-23T15:47:11","modified_gmt":"2024-07-23T14:47:11","slug":"zentrallager","status":"publish","type":"page","link":"https:\/\/www.spitapo-berner-oberland.ch\/?page_id=26","title":{"rendered":"Zentrallager"},"content":{"rendered":"<p><a href=\"http:\/\/www.spitapo-berner-oberland.ch\/zentrallager.aspx\"><span style=\"color: #35446b;\">Sortiment Zentrallager spit\u00e4ler fmi ag<\/span><\/a><\/p>\n<p><strong>Allgemeine Gesch\u00e4ftsbedingungen<\/strong><\/p>\n<p>Externe Lieferungen sind nur f\u00fcr institutionelle Kunden (z.B. Spitex, Heime), Arztpraxen und \u00f6ffentliche Apotheken im Einzugsgebiet der spit\u00e4ler fmi ag vorgesehen.<\/p>\n<p>Die Ware wird an einem Tag nach Absprache zentral in Interlaken bereitgestellt und muss jeweils abgeholt werden :<br \/>\nKunden aus der Region Frutigen : gem. Vereinbarung im fmi-spital Frutigen<br \/>\nKunden aus der Region Meiringen : gem. Vereinbarung im fmi-spital Meiringen<br \/>\nKunden aus der Region Interlaken : gem. Vereinbarung im Zentrallager fmi-spital Interlaken<\/p>\n<p>Eine Lieferung mittels Kurier an den Standort des Kunden ist auf der Route des fmi-Kuriers nach Absprache m\u00f6glich. Es ist nicht m\u00f6glich, Bez\u00fcger die nicht an Kurier-Route liegen, direkt zu bedienen (z.B. Grindelwald, Innertkirchen, Adelboden, Kandersteg). Die Anlieferung der Ware mit dem Kurier erfolgt nach einem fix vorgegebenen Fahrplan. Pro direkt erbrachte Lieferung wird ein Transportzuschlag von 15.- erhoben. Kurier-Lieferungen zu Zeiten ausserhalb des definierten Fahrplans sind nicht m\u00f6glich. F\u00fcr Sendungen mit der Post verrechnen wir Ihnen jeweils das Porto und falls erforderlich, zus\u00e4tzliche Verpackungen.<br \/>\nDie Koordination der Lieferungen mittels Kurier erfolgt durch das Zentrallager im fmi-spital Interlaken 033 826 27 41<\/p>\n<p><strong>Rechnungen<br \/>\n<\/strong>Die Rechnungen werden quartalsweise erstellt (gr\u00f6ssere Intervalle sind nicht m\u00f6glich). Auf Wunsch k\u00f6nnen Bez\u00fcger Monatsrechnungen erhalten; Kunden mit regelm\u00e4ssigen Monatsbez\u00fcgen &gt;100.- erhalten eine monatliche Rechnung.<br \/>\nGenerell wird auf s\u00e4mtlichen Rechnungen (Monats- und Quartalsrechnungen) mit einem Warenwert (exkl. Transportzuschl\u00e4ge) von unter 100.- ein \u201eKleinrechnungszuschlag\u201c von 20 Franken erhoben.<\/p>\n<p>Falls der Kunde Preise f\u00fcr die Berechnung des Weiterkaufspreises ben\u00f6tigt, ist dieser jeweils auf dem Lieferschein zu finden (ausser Kleinmengenzuschl\u00e4ge, die erst in Abh\u00e4ngigkeit des Rechnungsbetrages erhoben werden).<\/p>\n<p><strong>Sortiment<\/strong><br \/>\nEs sind nur Bez\u00fcge aus dem Sortiment der spit\u00e4ler fmi ag m\u00f6glich. Die aktuelle Artikelliste mit den ungef\u00e4hren Preisen (die Preise errechnen sich jeweils ab unserem aktuellen Einstandspreis, \u00c4nderungen sind also jederzeit m\u00f6glich; die Preise sind ungef\u00e4hre Richtpreise) kann im Internet auf der Seite <a href=\"http:\/\/www.spitapo-berner-oberland.ch\/\/\"><span style=\"color: #35446b;\">http:\/\/www.spitapo-berner-oberland.ch<\/span><\/a> unter der Rubrik \u201eZentrallager\u201c abgerufen werden; Die Seite wird periodisch aktualisiert. Die Liste ist sehr lang, wir k\u00f6nnen wir Ihnen deshalb keine gedruckte Version zur Verf\u00fcgung stellen.<br \/>\nGrunds\u00e4tzlich k\u00f6nnen unsere externen Kunden Waren aus dem gesamten Sortiment beziehen. Es werden jedoch keine Extrabestellungen bei Lieferanten f\u00fcr externe Bez\u00fcger ausgef\u00fchrt. Sortiments\u00e4nderungen sind jederzeit m\u00f6glich.<\/p>\n<p><strong>Online-Bestellung<\/strong><br \/>\nEs ist m\u00f6glich und f\u00fcr uns sehr praktisch, wenn die externen Kunden bei uns Online bestellen. Die Anbindung erfolgt kostenlos und braucht ausser einem Internet-Anschluss keine spezielle Installation. Setzen Sie sich mit uns in Verbindung, wenn Sie Online bestellen m\u00f6chten. Da beide Parteien von der Online-Bestellung profitieren, werden keine besonderen Verg\u00fcnstigungen bei einer elektronischen Bestellung gew\u00e4hrt.<\/p>\n<p><strong>Fehllieferungen \/ Retouren<\/strong><br \/>\nUns passieren auch Fehler; es kann sein, dass wir Ihnen falsche Ware liefern. Diese kann selbstverst\u00e4ndlich kostenlos bei uns ausgetauscht werden.<br \/>\nDie Frist f\u00fcr Retouren betr\u00e4gt jedoch 14 Tage ab der Lieferung; d.h. die intakte Ware kann innerhalb von 14 Tagen kostenlos zur\u00fcck gesendet. Nach Ablauf dieser Frist anerkennen Sie die Richtigkeit unserer Lieferung bez\u00fcglich Art und Menge. Die Ware kann danach nicht mehr zur\u00fcck genommen werden.<\/p>\n<p><strong>Medikamente <\/strong><br \/>\nMedikamente werden grunds\u00e4tzlich keine an externe Bez\u00fcger geliefert, da die notwendigen gesetzlich definierten Voraussetzungen nicht erf\u00fcllt sind.<br \/>\nEs ist in Einzelf\u00e4llen m\u00f6glich im Austauschverfahren auszuhelfen. Dies hat sich jedoch auf Einzelf\u00e4lle zu beschr\u00e4nken und ist nicht f\u00fcr den Austausch verfallender Ware (z.B. aus Notfallkoffern) vorgesehen.<\/p>\n<p>19.5.2006\/EM rev. 12.9.06\/EM<\/p>\n","protected":false},"excerpt":{"rendered":"<p>Sortiment Zentrallager spit\u00e4ler fmi ag Allgemeine Gesch\u00e4ftsbedingungen Externe Lieferungen sind nur f\u00fcr institutionelle Kunden (z.B. Spitex, Heime), Arztpraxen und \u00f6ffentliche Apotheken im Einzugsgebiet der spit\u00e4ler fmi ag vorgesehen. Die Ware wird an einem Tag nach Absprache zentral in Interlaken bereitgestellt und muss jeweils abgeholt werden : Kunden aus der Region Frutigen : gem. Vereinbarung im &hellip; <a href=\"https:\/\/www.spitapo-berner-oberland.ch\/?page_id=26\" class=\"more-link\"><span class=\"screen-reader-text\">Zentrallager<\/span> weiterlesen <span class=\"meta-nav\">&rarr;<\/span><\/a><\/p>\n","protected":false},"author":1,"featured_media":0,"parent":0,"menu_order":0,"comment_status":"closed","ping_status":"closed","template":"","meta":{"footnotes":""},"class_list":["post-26","page","type-page","status-publish","hentry"],"_links":{"self":[{"href":"https:\/\/www.spitapo-berner-oberland.ch\/index.php?rest_route=\/wp\/v2\/pages\/26","targetHints":{"allow":["GET"]}}],"collection":[{"href":"https:\/\/www.spitapo-berner-oberland.ch\/index.php?rest_route=\/wp\/v2\/pages"}],"about":[{"href":"https:\/\/www.spitapo-berner-oberland.ch\/index.php?rest_route=\/wp\/v2\/types\/page"}],"author":[{"embeddable":true,"href":"https:\/\/www.spitapo-berner-oberland.ch\/index.php?rest_route=\/wp\/v2\/users\/1"}],"replies":[{"embeddable":true,"href":"https:\/\/www.spitapo-berner-oberland.ch\/index.php?rest_route=%2Fwp%2Fv2%2Fcomments&post=26"}],"version-history":[{"count":6,"href":"https:\/\/www.spitapo-berner-oberland.ch\/index.php?rest_route=\/wp\/v2\/pages\/26\/revisions"}],"predecessor-version":[{"id":197,"href":"https:\/\/www.spitapo-berner-oberland.ch\/index.php?rest_route=\/wp\/v2\/pages\/26\/revisions\/197"}],"wp:attachment":[{"href":"https:\/\/www.spitapo-berner-oberland.ch\/index.php?rest_route=%2Fwp%2Fv2%2Fmedia&parent=26"}],"curies":[{"name":"wp","href":"https:\/\/api.w.org\/{rel}","templated":true}]}}