{"id":24,"date":"2014-05-21T14:32:47","date_gmt":"2014-05-21T14:32:47","guid":{"rendered":"http:\/\/spitapo-berner-oberland.ch\/wp\/wp\/?page_id=24"},"modified":"2014-05-21T14:32:47","modified_gmt":"2014-05-21T14:32:47","slug":"onkologie-service","status":"publish","type":"page","link":"https:\/\/www.spitapo-berner-oberland.ch\/?page_id=24","title":{"rendered":"Onkologie Service"},"content":{"rendered":"<p>Seit dem Oktober 2002 verf\u00fcgt die Spitalapotheke der spit\u00e4ler fmi ag \u00fcber die Bewilligung zur Herstellung von Zytostatika. Die L\u00f6sungen werden mikrobiologisch haltbar und patientenadaptiert hergestellt, so dass bei gegebener chemischer Haltbarkeit auch \u00fcbrigbleibende Reste f\u00fcr weitere Therapien weiterverwendet werden k\u00f6nnen. Bei den meisten Therapien k\u00f6nnen so Kosten eingespart werden, obwohl ein Tarif f\u00fcr die eigentliche Herstellung (nach ALT) abgerechnet wird.<\/p>\n<p>Diesen Service k\u00f6nnen auch Haus\u00e4rzte der Region in Anspruch nehmen (auch in der Region Frutigen und Meiringen).<br \/>\nAbgerechnet wird direkt dem Patienten nach dem ALT-Tarif f\u00fcr die Herstellung von Zytostatika, je nach Art der Herstellung. Je nach Medikament k\u00f6nnen wir auch Dauerrezepte ausf\u00fchren.<\/p>\n<p>Setzen Sie sich mit uns in Verbindung, wir werden mit Ihnen die Modalit\u00e4ten besprechen.<\/p>\n<p>&nbsp;<\/p>\n<p><img loading=\"lazy\" decoding=\"async\" src=\"http:\/\/spitapo-berner-oberland.ch\/wp\/images\/Onkolo2.jpg\" alt=\"\" width=\"463\" height=\"349\" border=\"0\" \/><\/p>\n<p><span class=\"article_seperator\">\u00a0<\/span><\/p>\n","protected":false},"excerpt":{"rendered":"<p>Seit dem Oktober 2002 verf\u00fcgt die Spitalapotheke der spit\u00e4ler fmi ag \u00fcber die Bewilligung zur Herstellung von Zytostatika. Die L\u00f6sungen werden mikrobiologisch haltbar und patientenadaptiert hergestellt, so dass bei gegebener chemischer Haltbarkeit auch \u00fcbrigbleibende Reste f\u00fcr weitere Therapien weiterverwendet werden k\u00f6nnen. Bei den meisten Therapien k\u00f6nnen so Kosten eingespart werden, obwohl ein Tarif f\u00fcr die &hellip; <a href=\"https:\/\/www.spitapo-berner-oberland.ch\/?page_id=24\" class=\"more-link\"><span class=\"screen-reader-text\">Onkologie Service<\/span> weiterlesen <span class=\"meta-nav\">&rarr;<\/span><\/a><\/p>\n","protected":false},"author":1,"featured_media":0,"parent":0,"menu_order":0,"comment_status":"closed","ping_status":"closed","template":"","meta":{"footnotes":""},"class_list":["post-24","page","type-page","status-publish","hentry"],"_links":{"self":[{"href":"https:\/\/www.spitapo-berner-oberland.ch\/index.php?rest_route=\/wp\/v2\/pages\/24","targetHints":{"allow":["GET"]}}],"collection":[{"href":"https:\/\/www.spitapo-berner-oberland.ch\/index.php?rest_route=\/wp\/v2\/pages"}],"about":[{"href":"https:\/\/www.spitapo-berner-oberland.ch\/index.php?rest_route=\/wp\/v2\/types\/page"}],"author":[{"embeddable":true,"href":"https:\/\/www.spitapo-berner-oberland.ch\/index.php?rest_route=\/wp\/v2\/users\/1"}],"replies":[{"embeddable":true,"href":"https:\/\/www.spitapo-berner-oberland.ch\/index.php?rest_route=%2Fwp%2Fv2%2Fcomments&post=24"}],"version-history":[{"count":1,"href":"https:\/\/www.spitapo-berner-oberland.ch\/index.php?rest_route=\/wp\/v2\/pages\/24\/revisions"}],"predecessor-version":[{"id":25,"href":"https:\/\/www.spitapo-berner-oberland.ch\/index.php?rest_route=\/wp\/v2\/pages\/24\/revisions\/25"}],"wp:attachment":[{"href":"https:\/\/www.spitapo-berner-oberland.ch\/index.php?rest_route=%2Fwp%2Fv2%2Fmedia&parent=24"}],"curies":[{"name":"wp","href":"https:\/\/api.w.org\/{rel}","templated":true}]}}