{"id":20,"date":"2014-05-21T14:30:21","date_gmt":"2014-05-21T14:30:21","guid":{"rendered":"http:\/\/spitapo-berner-oberland.ch\/wp\/wp\/?page_id=20"},"modified":"2014-05-21T14:30:21","modified_gmt":"2014-05-21T14:30:21","slug":"pikett-antidota","status":"publish","type":"page","link":"https:\/\/www.spitapo-berner-oberland.ch\/?page_id=20","title":{"rendered":"Pikett \/ Antidota"},"content":{"rendered":"<p>Falls von externen Stellen der Pikettdienst der Apotheke beansprucht wird, so ist er \u00fcber die Hauptnummer des Spitals Interlaken (033 826 26 26) erreichbar. Der Pikettdienst steht nur f\u00fcr Notf\u00e4lle zur Verf\u00fcgung. Stellen ausserhalb der vom Institut f\u00fcr Spitalpharmazie und Medizinprodukteversorgung betreuten Institutionen haben f\u00fcr die Inanspruchnahme des Pikettdienstes einen Zuschlag von 100.- und die jeweiligen Transport- und anderen Zusatzkosten zu entrichten.<\/p>\n<p>Das fmi-spital Interlaken ist <a href=\"http:\/\/www.pharmavista.net\/content\/page_3.aspx?Nid=14&amp;Aid=111&amp;Pid=0&amp;ID=55\">regionales Versorgungszentrum f\u00fcr Antidota<\/a> und verf\u00fcgt \u00fcber das Grundsortiment und \u00fcber das Zusatzsortiment f\u00fcr Regionalzentren. In der Regel ist Ware f\u00fcr zwei Therapien an Lager.<br \/>\nFalls sie transportf\u00e4hig sind, gehen Patienten zum Antidot d.h. ins fmi-Spital Interlaken. Ansonsten ist die Notfallstation des Spitals Interlaken f\u00fcr Nachschub anzufragen (Tel. 033 826 26 26). Der Transport erfolgt zulasten des Bestellers nach Massgabe der Dringlichkeit via Taxi, Ambulanz oder Helikopter.<\/p>\n","protected":false},"excerpt":{"rendered":"<p>Falls von externen Stellen der Pikettdienst der Apotheke beansprucht wird, so ist er \u00fcber die Hauptnummer des Spitals Interlaken (033 826 26 26) erreichbar. Der Pikettdienst steht nur f\u00fcr Notf\u00e4lle zur Verf\u00fcgung. Stellen ausserhalb der vom Institut f\u00fcr Spitalpharmazie und Medizinprodukteversorgung betreuten Institutionen haben f\u00fcr die Inanspruchnahme des Pikettdienstes einen Zuschlag von 100.- und die &hellip; <a href=\"https:\/\/www.spitapo-berner-oberland.ch\/?page_id=20\" class=\"more-link\"><span class=\"screen-reader-text\">Pikett \/ Antidota<\/span> weiterlesen <span class=\"meta-nav\">&rarr;<\/span><\/a><\/p>\n","protected":false},"author":1,"featured_media":0,"parent":0,"menu_order":0,"comment_status":"closed","ping_status":"closed","template":"","meta":{"footnotes":""},"class_list":["post-20","page","type-page","status-publish","hentry"],"_links":{"self":[{"href":"https:\/\/www.spitapo-berner-oberland.ch\/index.php?rest_route=\/wp\/v2\/pages\/20","targetHints":{"allow":["GET"]}}],"collection":[{"href":"https:\/\/www.spitapo-berner-oberland.ch\/index.php?rest_route=\/wp\/v2\/pages"}],"about":[{"href":"https:\/\/www.spitapo-berner-oberland.ch\/index.php?rest_route=\/wp\/v2\/types\/page"}],"author":[{"embeddable":true,"href":"https:\/\/www.spitapo-berner-oberland.ch\/index.php?rest_route=\/wp\/v2\/users\/1"}],"replies":[{"embeddable":true,"href":"https:\/\/www.spitapo-berner-oberland.ch\/index.php?rest_route=%2Fwp%2Fv2%2Fcomments&post=20"}],"version-history":[{"count":1,"href":"https:\/\/www.spitapo-berner-oberland.ch\/index.php?rest_route=\/wp\/v2\/pages\/20\/revisions"}],"predecessor-version":[{"id":21,"href":"https:\/\/www.spitapo-berner-oberland.ch\/index.php?rest_route=\/wp\/v2\/pages\/20\/revisions\/21"}],"wp:attachment":[{"href":"https:\/\/www.spitapo-berner-oberland.ch\/index.php?rest_route=%2Fwp%2Fv2%2Fmedia&parent=20"}],"curies":[{"name":"wp","href":"https:\/\/api.w.org\/{rel}","templated":true}]}}