{"id":187,"date":"2023-09-13T12:40:37","date_gmt":"2023-09-13T11:40:37","guid":{"rendered":"https:\/\/www.spitapo-berner-oberland.ch\/?page_id=187"},"modified":"2023-09-13T12:40:37","modified_gmt":"2023-09-13T11:40:37","slug":"datenschutzerklaerung","status":"publish","type":"page","link":"https:\/\/www.spitapo-berner-oberland.ch\/?page_id=187","title":{"rendered":"Datenschutzerkl\u00e4rung"},"content":{"rendered":"\n<p>Als Betrieb der Spit\u00e4ler fmi AG halten wir uns an die Datenschutzerkl\u00e4rung der Spit\u00e4ler fmi AG.<\/p>\n\n\n\n<p>Diese ist hier verlinkt : <a href=\"https:\/\/www.spitalfmi.ch\/de\/datenschutz.html\">Datenschutzerkl\u00e4rung | Spit\u00e4ler Frutigen Meiringen Interlaken AG (spitalfmi.ch)<\/a><\/p>\n\n\n\n<p><\/p>\n\n\n\n<p><\/p>\n","protected":false},"excerpt":{"rendered":"<p>Als Betrieb der Spit\u00e4ler fmi AG halten wir uns an die Datenschutzerkl\u00e4rung der Spit\u00e4ler fmi AG. Diese ist hier verlinkt : Datenschutzerkl\u00e4rung | Spit\u00e4ler Frutigen Meiringen Interlaken AG (spitalfmi.ch)<\/p>\n","protected":false},"author":1,"featured_media":0,"parent":0,"menu_order":0,"comment_status":"closed","ping_status":"closed","template":"","meta":{"footnotes":""},"class_list":["post-187","page","type-page","status-publish","hentry"],"_links":{"self":[{"href":"https:\/\/www.spitapo-berner-oberland.ch\/index.php?rest_route=\/wp\/v2\/pages\/187","targetHints":{"allow":["GET"]}}],"collection":[{"href":"https:\/\/www.spitapo-berner-oberland.ch\/index.php?rest_route=\/wp\/v2\/pages"}],"about":[{"href":"https:\/\/www.spitapo-berner-oberland.ch\/index.php?rest_route=\/wp\/v2\/types\/page"}],"author":[{"embeddable":true,"href":"https:\/\/www.spitapo-berner-oberland.ch\/index.php?rest_route=\/wp\/v2\/users\/1"}],"replies":[{"embeddable":true,"href":"https:\/\/www.spitapo-berner-oberland.ch\/index.php?rest_route=%2Fwp%2Fv2%2Fcomments&post=187"}],"version-history":[{"count":1,"href":"https:\/\/www.spitapo-berner-oberland.ch\/index.php?rest_route=\/wp\/v2\/pages\/187\/revisions"}],"predecessor-version":[{"id":189,"href":"https:\/\/www.spitapo-berner-oberland.ch\/index.php?rest_route=\/wp\/v2\/pages\/187\/revisions\/189"}],"wp:attachment":[{"href":"https:\/\/www.spitapo-berner-oberland.ch\/index.php?rest_route=%2Fwp%2Fv2%2Fmedia&parent=187"}],"curies":[{"name":"wp","href":"https:\/\/api.w.org\/{rel}","templated":true}]}}